{"id":1858,"date":"2024-04-03T17:39:14","date_gmt":"2024-04-03T15:39:14","guid":{"rendered":"https:\/\/www.fattoriadeipiani.it\/home\/"},"modified":"2024-12-02T18:15:37","modified_gmt":"2024-12-02T17:15:37","slug":"home","status":"publish","type":"page","link":"https:\/\/www.fattoriadeipiani.it\/fr\/","title":{"rendered":"Home"},"content":{"rendered":"\t\t<div data-elementor-type=\"wp-page\" data-elementor-id=\"1858\" class=\"elementor elementor-1858 elementor-337\" data-elementor-post-type=\"page\">\n\t\t\t\t<div class=\"elementor-element elementor-element-19fa103 e-flex e-con-boxed e-con e-parent\" data-id=\"19fa103\" data-element_type=\"container\" data-settings=\"{&quot;background_background&quot;:&quot;classic&quot;}\">\n\t\t\t\t\t<div class=\"e-con-inner\">\n\t\t\t\t<div class=\"elementor-element elementor-element-fe5b903 elementor-widget elementor-widget-html\" data-id=\"fe5b903\" data-element_type=\"widget\" data-widget_type=\"html.default\">\n\t\t\t\t<div class=\"elementor-widget-container\">\n\t\t\t<script type=\"text\/javascript\">\n    var slideElement = document.getElementById('slide');\n    if (slideElement) {\n        slideElement.style.display = 'none';\n    }\n\tconsole.log(\"prova\");\n<\/script>\t\t<\/div>\n\t\t\t\t<\/div>\n\t\t<div class=\"elementor-element elementor-element-94905cb e-con-full e-flex e-con e-child\" data-id=\"94905cb\" data-element_type=\"container\" data-settings=\"{&quot;background_background&quot;:&quot;classic&quot;}\">\n\t\t\t\t<div class=\"elementor-element elementor-element-ba23873 elementor-widget elementor-widget-heading\" data-id=\"ba23873\" data-element_type=\"widget\" data-widget_type=\"heading.default\">\n\t\t\t\t<div class=\"elementor-widget-container\">\n\t\t\t<style>\/*! elementor - v3.21.0 - 26-05-2024 *\/\n.elementor-heading-title{padding:0;margin:0;line-height:1}.elementor-widget-heading .elementor-heading-title[class*=elementor-size-]>a{color:inherit;font-size:inherit;line-height:inherit}.elementor-widget-heading .elementor-heading-title.elementor-size-small{font-size:15px}.elementor-widget-heading .elementor-heading-title.elementor-size-medium{font-size:19px}.elementor-widget-heading .elementor-heading-title.elementor-size-large{font-size:29px}.elementor-widget-heading .elementor-heading-title.elementor-size-xl{font-size:39px}.elementor-widget-heading .elementor-heading-title.elementor-size-xxl{font-size:59px}<\/style><h2 class=\"elementor-heading-title elementor-size-default\">Guest House<\/h2>\t\t<\/div>\n\t\t\t\t<\/div>\n\t\t\t\t<div class=\"elementor-element elementor-element-b380e10 elementor-widget elementor-widget-text-editor\" data-id=\"b380e10\" data-element_type=\"widget\" data-widget_type=\"text-editor.default\">\n\t\t\t\t<div class=\"elementor-widget-container\">\n\t\t\t<style>\/*! elementor - v3.21.0 - 26-05-2024 *\/\n.elementor-widget-text-editor.elementor-drop-cap-view-stacked .elementor-drop-cap{background-color:#69727d;color:#fff}.elementor-widget-text-editor.elementor-drop-cap-view-framed .elementor-drop-cap{color:#69727d;border:3px solid;background-color:transparent}.elementor-widget-text-editor:not(.elementor-drop-cap-view-default) .elementor-drop-cap{margin-top:8px}.elementor-widget-text-editor:not(.elementor-drop-cap-view-default) .elementor-drop-cap-letter{width:1em;height:1em}.elementor-widget-text-editor .elementor-drop-cap{float:left;text-align:center;line-height:1;font-size:50px}.elementor-widget-text-editor .elementor-drop-cap-letter{display:inline-block}<\/style>\t\t\t\t<p>Offrez-vous des vacances de r\u00eave en Sardaigne, r\u00e9servez l\u2019une de nos petites villas en pleine nature, dans un climat de d\u00e9tente et de tranquillit\u00e9, \u00e0 quelques kilom\u00e8tres seulement des merveilleuses plages d\u2019Alghero !<\/p>\t\t\t\t\t\t<\/div>\n\t\t\t\t<\/div>\n\t\t\t\t<div class=\"elementor-element elementor-element-7dd855d animated-fast elementor-invisible elementor-widget elementor-widget-image\" data-id=\"7dd855d\" data-element_type=\"widget\" data-settings=\"{&quot;_animation&quot;:&quot;pulse&quot;}\" data-widget_type=\"image.default\">\n\t\t\t\t<div class=\"elementor-widget-container\">\n\t\t\t<style>\/*! elementor - v3.21.0 - 26-05-2024 *\/\n.elementor-widget-image{text-align:center}.elementor-widget-image a{display:inline-block}.elementor-widget-image a img[src$=\".svg\"]{width:48px}.elementor-widget-image img{vertical-align:middle;display:inline-block}<\/style>\t\t\t\t\t\t\t\t\t\t\t<a href=\"\/guesthouse\/\">\n\t\t\t\t\t\t\t<img fetchpriority=\"high\" decoding=\"async\" width=\"600\" height=\"600\" src=\"https:\/\/www.fattoriadeipiani.it\/wp-content\/uploads\/2024\/04\/h_guesthouse.jpg\" class=\"elementor-animation-float attachment-large size-large wp-image-411\" alt=\"\" srcset=\"https:\/\/www.fattoriadeipiani.it\/wp-content\/uploads\/2024\/04\/h_guesthouse.jpg 600w, https:\/\/www.fattoriadeipiani.it\/wp-content\/uploads\/2024\/04\/h_guesthouse-300x300.jpg 300w, https:\/\/www.fattoriadeipiani.it\/wp-content\/uploads\/2024\/04\/h_guesthouse-150x150.jpg 150w\" sizes=\"(max-width: 600px) 100vw, 600px\" \/>\t\t\t\t\t\t\t\t<\/a>\n\t\t\t\t\t\t\t\t\t\t\t\t\t<\/div>\n\t\t\t\t<\/div>\n\t\t\t\t<\/div>\n\t\t<div class=\"elementor-element elementor-element-4f0259d e-con-full elementor-hidden-mobile e-flex e-con e-child\" data-id=\"4f0259d\" data-element_type=\"container\" data-settings=\"{&quot;background_background&quot;:&quot;classic&quot;}\">\n\t\t\t\t<div class=\"elementor-element elementor-element-cf6f933 elementor-widget elementor-widget-text-editor\" data-id=\"cf6f933\" data-element_type=\"widget\" data-widget_type=\"text-editor.default\">\n\t\t\t\t<div class=\"elementor-widget-container\">\n\t\t\t\t\t\t\t<p>S\u00e9lectionner la page<\/p>\t\t\t\t\t\t<\/div>\n\t\t\t\t<\/div>\n\t\t\t\t<div class=\"elementor-element elementor-element-954006f elementor-align-center elementor-widget elementor-widget-lottie\" data-id=\"954006f\" data-element_type=\"widget\" data-settings=\"{&quot;source_json&quot;:{&quot;url&quot;:&quot;https:\\\/\\\/www.fattoriadeipiani.it\\\/wp-content\\\/uploads\\\/2024\\\/04\\\/Animation-1713884625524.json&quot;,&quot;id&quot;:410,&quot;size&quot;:&quot;&quot;,&quot;alt&quot;:&quot;&quot;,&quot;source&quot;:&quot;library&quot;},&quot;source&quot;:&quot;media_file&quot;,&quot;caption_source&quot;:&quot;none&quot;,&quot;link_to&quot;:&quot;none&quot;,&quot;trigger&quot;:&quot;arriving_to_viewport&quot;,&quot;viewport&quot;:{&quot;unit&quot;:&quot;%&quot;,&quot;size&quot;:&quot;&quot;,&quot;sizes&quot;:{&quot;start&quot;:0,&quot;end&quot;:100}},&quot;play_speed&quot;:{&quot;unit&quot;:&quot;px&quot;,&quot;size&quot;:1,&quot;sizes&quot;:[]},&quot;start_point&quot;:{&quot;unit&quot;:&quot;%&quot;,&quot;size&quot;:0,&quot;sizes&quot;:[]},&quot;end_point&quot;:{&quot;unit&quot;:&quot;%&quot;,&quot;size&quot;:100,&quot;sizes&quot;:[]},&quot;renderer&quot;:&quot;svg&quot;}\" data-widget_type=\"lottie.default\">\n\t\t\t\t<div class=\"elementor-widget-container\">\n\t\t\t<style>\/*! elementor-pro - v3.21.0 - 15-04-2024 *\/\n.e-lottie__container{display:inline-block;max-width:var(--lottie-container-max-width);width:var(--lottie-container-width);opacity:var(--lottie-container-opacity)}.e-lottie__container:hover{opacity:var(--lottie-container-opacity-hover);transition-duration:var(--lottie-container-transition-duration-hover)}.e-lottie__container svg,.e-lottie__container svg *{transition:none!important}.e-lottie__caption{color:var(--caption-color);margin-top:var(--caption-margin-top);text-align:var(--caption-text-align)}<\/style><div class=\"e-lottie__container\"><div class=\"e-lottie__animation\"><\/div><\/div>\t\t<\/div>\n\t\t\t\t<\/div>\n\t\t\t\t<\/div>\n\t\t<div class=\"elementor-element elementor-element-65201b2 e-con-full e-flex e-con e-child\" data-id=\"65201b2\" data-element_type=\"container\">\n\t\t\t\t<div class=\"elementor-element elementor-element-15ca05a elementor-widget elementor-widget-heading\" data-id=\"15ca05a\" data-element_type=\"widget\" data-widget_type=\"heading.default\">\n\t\t\t\t<div class=\"elementor-widget-container\">\n\t\t\t<h2 class=\"elementor-heading-title elementor-size-default\">Cooking Classes<\/h2>\t\t<\/div>\n\t\t\t\t<\/div>\n\t\t\t\t<div class=\"elementor-element elementor-element-108cd59 elementor-widget elementor-widget-text-editor\" data-id=\"108cd59\" data-element_type=\"widget\" data-widget_type=\"text-editor.default\">\n\t\t\t\t<div class=\"elementor-widget-container\">\n\t\t\t\t\t\t\t<p>Vivez une exp\u00e9rience m\u00e9morable dans notre laboratoire de p\u00e2tes fra\u00eeches ! P\u00e9trissez la p\u00e2te de vos mains, d\u00e9couvrez les secrets de la cuisine traditionnelle sarde et savourez votre plat avec nous !<\/p>\t\t\t\t\t\t<\/div>\n\t\t\t\t<\/div>\n\t\t\t\t<div class=\"elementor-element elementor-element-c5936c4 animated-slow elementor-invisible elementor-widget elementor-widget-image\" data-id=\"c5936c4\" data-element_type=\"widget\" data-settings=\"{&quot;_animation&quot;:&quot;pulse&quot;}\" data-widget_type=\"image.default\">\n\t\t\t\t<div class=\"elementor-widget-container\">\n\t\t\t\t\t\t\t\t\t\t\t\t\t\t<a href=\"\/Cooking-Classes\/\">\n\t\t\t\t\t\t\t<img decoding=\"async\" width=\"600\" height=\"600\" src=\"https:\/\/www.fattoriadeipiani.it\/wp-content\/uploads\/2024\/04\/h_pasta.jpg\" class=\"elementor-animation-float attachment-large size-large wp-image-412\" alt=\"\" srcset=\"https:\/\/www.fattoriadeipiani.it\/wp-content\/uploads\/2024\/04\/h_pasta.jpg 600w, https:\/\/www.fattoriadeipiani.it\/wp-content\/uploads\/2024\/04\/h_pasta-300x300.jpg 300w, https:\/\/www.fattoriadeipiani.it\/wp-content\/uploads\/2024\/04\/h_pasta-150x150.jpg 150w\" sizes=\"(max-width: 600px) 100vw, 600px\" \/>\t\t\t\t\t\t\t\t<\/a>\n\t\t\t\t\t\t\t\t\t\t\t\t\t<\/div>\n\t\t\t\t<\/div>\n\t\t\t\t<\/div>\n\t\t\t\t\t<\/div>\n\t\t\t\t<\/div>\n\t\t<div class=\"elementor-element elementor-element-d4e0d76 e-flex e-con-boxed e-con e-parent\" data-id=\"d4e0d76\" data-element_type=\"container\">\n\t\t\t\t\t<div class=\"e-con-inner\">\n\t\t\t\t<div class=\"elementor-element elementor-element-982c165 elementor-widget elementor-widget-google_maps\" data-id=\"982c165\" data-element_type=\"widget\" data-widget_type=\"google_maps.default\">\n\t\t\t\t<div class=\"elementor-widget-container\">\n\t\t\t<style>\/*! elementor - v3.21.0 - 26-05-2024 *\/\n.elementor-widget-google_maps .elementor-widget-container{overflow:hidden}.elementor-widget-google_maps .elementor-custom-embed{line-height:0}.elementor-widget-google_maps iframe{height:300px}<\/style>\t\t<div class=\"elementor-custom-embed\">\n\t\t\t<iframe loading=\"lazy\"\n\t\t\t\t\tsrc=\"https:\/\/maps.google.com\/maps?q=40.64449557175995%2C%208.346982052136598&#038;t=m&#038;z=12&#038;output=embed&#038;iwloc=near\"\n\t\t\t\t\ttitle=\"40.64449557175995, 8.346982052136598\"\n\t\t\t\t\taria-label=\"40.64449557175995, 8.346982052136598\"\n\t\t\t><\/iframe>\n\t\t<\/div>\n\t\t\t\t<\/div>\n\t\t\t\t<\/div>\n\t\t\t\t\t<\/div>\n\t\t\t\t<\/div>\n\t\t<div class=\"elementor-element elementor-element-47cd506 e-flex e-con-boxed e-con e-parent\" data-id=\"47cd506\" data-element_type=\"container\">\n\t\t\t\t\t<div class=\"e-con-inner\">\n\t\t\t\t<div class=\"elementor-element elementor-element-ef3a440 elementor-widget elementor-widget-heading\" data-id=\"ef3a440\" data-element_type=\"widget\" data-widget_type=\"heading.default\">\n\t\t\t\t<div class=\"elementor-widget-container\">\n\t\t\t<h2 class=\"elementor-heading-title elementor-size-default\">Les <em>commentaires  <\/em> de nos clients<\/h2>\t\t<\/div>\n\t\t\t\t<\/div>\n\t\t\t\t\t<\/div>\n\t\t\t\t<\/div>\n\t\t<div class=\"elementor-element elementor-element-5137fe4 e-flex e-con-boxed e-con e-parent\" data-id=\"5137fe4\" data-element_type=\"container\">\n\t\t\t\t\t<div class=\"e-con-inner\">\n\t\t\t\t<div class=\"elementor-element elementor-element-f2b2a91 elementor-arrows-yes elementor-pagination-type-bullets elementor-review--has-separator elementor--star-style-star_fontawesome elementor-widget elementor-widget-reviews\" data-id=\"f2b2a91\" data-element_type=\"widget\" data-settings=\"{&quot;slides_per_view&quot;:&quot;3&quot;,&quot;show_arrows&quot;:&quot;yes&quot;,&quot;pagination&quot;:&quot;bullets&quot;,&quot;speed&quot;:500,&quot;autoplay&quot;:&quot;yes&quot;,&quot;autoplay_speed&quot;:5000,&quot;loop&quot;:&quot;yes&quot;,&quot;pause_on_hover&quot;:&quot;yes&quot;,&quot;pause_on_interaction&quot;:&quot;yes&quot;,&quot;space_between&quot;:{&quot;unit&quot;:&quot;px&quot;,&quot;size&quot;:10,&quot;sizes&quot;:[]},&quot;space_between_tablet&quot;:{&quot;unit&quot;:&quot;px&quot;,&quot;size&quot;:10,&quot;sizes&quot;:[]},&quot;space_between_mobile&quot;:{&quot;unit&quot;:&quot;px&quot;,&quot;size&quot;:10,&quot;sizes&quot;:[]}}\" data-widget_type=\"reviews.default\">\n\t\t\t\t<div class=\"elementor-widget-container\">\n\t\t\t<link rel=\"stylesheet\" href=\"https:\/\/www.fattoriadeipiani.it\/wp-content\/plugins\/elementor-pro\/assets\/css\/widget-carousel.min.css\">\t\t<div class=\"elementor-swiper\">\n\t\t\t<div class=\"elementor-main-swiper swiper\">\n\t\t\t\t<div class=\"swiper-wrapper\">\n\t\t\t\t\t\t\t\t\t\t\t<div class=\"swiper-slide\">\n\t\t\t\t\t\t\t\t\t<div class=\"elementor-testimonial elementor-repeater-item-a4bb0e4\">\n\t\t\t\t\t\t\t<div class=\"elementor-testimonial__header\">\n\t\t\t\t\t\t\t\t\t\t<cite class=\"elementor-testimonial__cite\"><span class=\"elementor-testimonial__name\">Berengere<\/span><span class=\"elementor-testimonial__title\">Parigi, Francia<\/span><\/cite>\t\t\t\t\t<div class=\"elementor-testimonial__icon elementor-icon elementor-icon-\"><span class=\"elementor-screen-only\">Lire plus<\/span><\/div>\t\t\t\t<\/div>\n\t\t\t\t\t\t\t\t\t\t<div class=\"elementor-testimonial__content\">\n\t\t\t\t\t<div class=\"elementor-testimonial__text\">\n\t\t\t\t\t\tFantastico! La casa di Irene \u00e8 un gioiello. La casa \u00e8 enorme, comodissima, dispone di aria condizionata, e si trova in un bellissimo e ben tenuto giardino condiviso. La piscina \u00e8 grande e a parte noi nessuno l'ha utilizzata durante il nostro soggiorno. Eravamo l\u00ec con i nostri due bambini piccoli e hanno adorato l'alloggio. Da notare: \u00e8 necessaria un'auto per raggiungere la citt\u00e0.\n\t\t\t\t\t<\/div>\n\t\t\t\t<\/div>\n\t\t\t\t\t<\/div>\n\t\t\t\t\t\t\t\t<\/div>\n\t\t\t\t\t\t\t\t\t\t\t<div class=\"swiper-slide\">\n\t\t\t\t\t\t\t\t\t<div class=\"elementor-testimonial elementor-repeater-item-6eb5612\">\n\t\t\t\t\t\t\t<div class=\"elementor-testimonial__header\">\n\t\t\t\t\t\t\t\t\t\t<cite class=\"elementor-testimonial__cite\"><span class=\"elementor-testimonial__name\">Fleur<\/span><span class=\"elementor-testimonial__title\">Londra, Regno Unito<\/span><\/cite>\t\t\t\t\t<div class=\"elementor-testimonial__icon elementor-icon elementor-icon-\"><span class=\"elementor-screen-only\">Lire plus<\/span><\/div>\t\t\t\t<\/div>\n\t\t\t\t\t\t\t\t\t\t<div class=\"elementor-testimonial__content\">\n\t\t\t\t\t<div class=\"elementor-testimonial__text\">\n\t\t\t\t\t\tL'alloggio \u00e8 un piccolo angolo di paradiso! L'appartamento \u00e8 un sogno di cottage core e si sente totalmente privato. La natura, la piscina, i campi da tennis e la meravigliosa lezione di cucina di Irene hanno reso questa vacanza la migliore di sempre. Grazie!\n\t\t\t\t\t<\/div>\n\t\t\t\t<\/div>\n\t\t\t\t\t<\/div>\n\t\t\t\t\t\t\t\t<\/div>\n\t\t\t\t\t\t\t\t\t\t\t<div class=\"swiper-slide\">\n\t\t\t\t\t\t\t\t\t<div class=\"elementor-testimonial elementor-repeater-item-d04484e\">\n\t\t\t\t\t\t\t<div class=\"elementor-testimonial__header\">\n\t\t\t\t\t\t\t\t\t\t<cite class=\"elementor-testimonial__cite\"><span class=\"elementor-testimonial__name\">Jeroen<\/span><span class=\"elementor-testimonial__title\">Leiderdorp, The Netherlands<\/span><\/cite>\t\t\t\t\t<div class=\"elementor-testimonial__icon elementor-icon elementor-icon-\"><span class=\"elementor-screen-only\">Lire plus<\/span><\/div>\t\t\t\t<\/div>\n\t\t\t\t\t\t\t\t\t\t<div class=\"elementor-testimonial__content\">\n\t\t\t\t\t<div class=\"elementor-testimonial__text\">\n\t\t\t\t\t\tLeiderdorp, The Netherlands\nCi \u00e8 piaciuto soggiornare un po' pi\u00f9 locale. Ci sono 4 case nella propriet\u00e0, ma tutte molto private. Zona molto tranquilla vicino ad Alghero. Il corso di cucina era molto bello. La casa era grande e pulita. Irene \u00e8 stata molto disponibile con tutto. abbiamo avuto un ottimo soggiorno.\n\t\t\t\t\t<\/div>\n\t\t\t\t<\/div>\n\t\t\t\t\t<\/div>\n\t\t\t\t\t\t\t\t<\/div>\n\t\t\t\t\t\t\t\t\t\t\t<div class=\"swiper-slide\">\n\t\t\t\t\t\t\t\t\t<div class=\"elementor-testimonial elementor-repeater-item-3f619c2\">\n\t\t\t\t\t\t\t<div class=\"elementor-testimonial__header\">\n\t\t\t\t\t\t\t\t\t\t<cite class=\"elementor-testimonial__cite\"><span class=\"elementor-testimonial__name\">Edith<\/span><span class=\"elementor-testimonial__title\">Anversa, Belgio<\/span><\/cite>\t\t\t\t\t<div class=\"elementor-testimonial__icon elementor-icon elementor-icon-\"><span class=\"elementor-screen-only\">Lire plus<\/span><\/div>\t\t\t\t<\/div>\n\t\t\t\t\t\t\t\t\t\t<div class=\"elementor-testimonial__content\">\n\t\t\t\t\t<div class=\"elementor-testimonial__text\">\n\t\t\t\t\t\tSoggiorno al top in una zona graziosa e tranquilla!\n\t\t\t\t\t<\/div>\n\t\t\t\t<\/div>\n\t\t\t\t\t<\/div>\n\t\t\t\t\t\t\t\t<\/div>\n\t\t\t\t\t\t\t\t\t<\/div>\n\t\t\t\t\t\t\t\t\t\t\t\t\t\t\t<div class=\"swiper-pagination\"><\/div>\n\t\t\t\t\t\t\t\t\t\t\t\t\t\t\t\t<div class=\"elementor-swiper-button elementor-swiper-button-prev\" role=\"button\" tabindex=\"0\">\n\t\t\t\t\t\t\t<svg aria-hidden=\"true\" class=\"e-font-icon-svg e-eicon-chevron-left\" viewBox=\"0 0 1000 1000\" xmlns=\"http:\/\/www.w3.org\/2000\/svg\"><path d=\"M646 125C629 125 613 133 604 142L308 442C296 454 292 471 292 487 292 504 296 521 308 533L604 854C617 867 629 875 646 875 663 875 679 871 692 858 704 846 713 829 713 812 713 796 708 779 692 767L438 487 692 225C700 217 708 204 708 187 708 171 704 154 692 142 675 129 663 125 646 125Z\"><\/path><\/svg>\t\t\t\t\t\t\t<span class=\"elementor-screen-only\">Pr\u00e9c\u00e9dent<\/span>\n\t\t\t\t\t\t<\/div>\n\t\t\t\t\t\t<div class=\"elementor-swiper-button elementor-swiper-button-next\" role=\"button\" tabindex=\"0\">\n\t\t\t\t\t\t\t<svg aria-hidden=\"true\" class=\"e-font-icon-svg e-eicon-chevron-right\" viewBox=\"0 0 1000 1000\" xmlns=\"http:\/\/www.w3.org\/2000\/svg\"><path d=\"M696 533C708 521 713 504 713 487 713 471 708 454 696 446L400 146C388 133 375 125 354 125 338 125 325 129 313 142 300 154 292 171 292 187 292 204 296 221 308 233L563 492 304 771C292 783 288 800 288 817 288 833 296 850 308 863 321 871 338 875 354 875 371 875 388 867 400 854L696 533Z\"><\/path><\/svg>\t\t\t\t\t\t\t<span class=\"elementor-screen-only\">Suivant<\/span>\n\t\t\t\t\t\t<\/div>\n\t\t\t\t\t\t\t\t\t\t\t\t<\/div>\n\t\t<\/div>\n\t\t\t\t<\/div>\n\t\t\t\t<\/div>\n\t\t\t\t\t<\/div>\n\t\t\t\t<\/div>\n\t\t\t\t<\/div>\n\t\t","protected":false},"excerpt":{"rendered":"<p>Guest House Offrez-vous des vacances de r\u00eave en Sardaigne, r\u00e9servez l\u2019une de nos petites villas en pleine nature, dans un climat de d\u00e9tente et de tranquillit\u00e9, \u00e0 quelques kilom\u00e8tres seulement des merveilleuses plages d\u2019Alghero ! S\u00e9lectionner la page Cooking Classes Vivez une exp\u00e9rience m\u00e9morable dans notre laboratoire de p\u00e2tes fra\u00eeches ! P\u00e9trissez la p\u00e2te de [&hellip;]<\/p>\n","protected":false},"author":1,"featured_media":0,"parent":0,"menu_order":0,"comment_status":"closed","ping_status":"closed","template":"elementor_header_footer","meta":{"footnotes":""},"class_list":["post-1858","page","type-page","status-publish","hentry"],"yoast_head":"<!-- This site is optimized with the Yoast SEO plugin v22.8 - https:\/\/yoast.com\/wordpress\/plugins\/seo\/ -->\n<title>La tua vacanza da sogno a 15 minuti dalle spiagge di Alghero.<\/title>\n<meta name=\"description\" content=\"Immersa nella vegetazione di campagna, la nostra piccola oasi di serenit\u00e0 in Sardegna \u00e8 un rifugio tranquillo vicino al mare cristallino.\" \/>\n<meta name=\"robots\" content=\"index, follow, max-snippet:-1, max-image-preview:large, max-video-preview:-1\" \/>\n<link rel=\"canonical\" href=\"https:\/\/www.fattoriadeipiani.it\/fr\/\" \/>\n<meta property=\"og:locale\" content=\"fr_FR\" \/>\n<meta property=\"og:type\" content=\"article\" \/>\n<meta property=\"og:title\" content=\"La tua vacanza da sogno a 15 minuti dalle spiagge di Alghero.\" \/>\n<meta property=\"og:description\" content=\"Immersa nella vegetazione di campagna, la nostra piccola oasi di serenit\u00e0 in Sardegna \u00e8 un rifugio tranquillo vicino al mare cristallino.\" \/>\n<meta property=\"og:url\" content=\"https:\/\/www.fattoriadeipiani.it\/fr\/\" \/>\n<meta property=\"og:site_name\" content=\"Fattoria Dei Piani\" \/>\n<meta property=\"article:modified_time\" content=\"2024-12-02T17:15:37+00:00\" \/>\n<meta property=\"og:image\" content=\"https:\/\/www.fattoriadeipiani.it\/wp-content\/uploads\/2024\/04\/h_guesthouse.jpg\" \/>\n<meta name=\"twitter:card\" content=\"summary_large_image\" \/>\n<meta name=\"twitter:label1\" content=\"Dur\u00e9e de lecture estim\u00e9e\" \/>\n\t<meta name=\"twitter:data1\" content=\"4 minutes\" \/>\n<script type=\"application\/ld+json\" class=\"yoast-schema-graph\">{\"@context\":\"https:\/\/schema.org\",\"@graph\":[{\"@type\":\"WebPage\",\"@id\":\"https:\/\/www.fattoriadeipiani.it\/fr\/\",\"url\":\"https:\/\/www.fattoriadeipiani.it\/fr\/\",\"name\":\"La tua vacanza da sogno a 15 minuti dalle spiagge di Alghero.\",\"isPartOf\":{\"@id\":\"https:\/\/www.fattoriadeipiani.it\/#website\"},\"primaryImageOfPage\":{\"@id\":\"https:\/\/www.fattoriadeipiani.it\/fr\/#primaryimage\"},\"image\":{\"@id\":\"https:\/\/www.fattoriadeipiani.it\/fr\/#primaryimage\"},\"thumbnailUrl\":\"https:\/\/www.fattoriadeipiani.it\/wp-content\/uploads\/2024\/04\/h_guesthouse.jpg\",\"datePublished\":\"2024-04-03T15:39:14+00:00\",\"dateModified\":\"2024-12-02T17:15:37+00:00\",\"description\":\"Immersa nella vegetazione di campagna, la nostra piccola oasi di serenit\u00e0 in Sardegna \u00e8 un rifugio tranquillo vicino al mare cristallino.\",\"breadcrumb\":{\"@id\":\"https:\/\/www.fattoriadeipiani.it\/fr\/#breadcrumb\"},\"inLanguage\":\"fr-FR\",\"potentialAction\":[{\"@type\":\"ReadAction\",\"target\":[\"https:\/\/www.fattoriadeipiani.it\/fr\/\"]}]},{\"@type\":\"ImageObject\",\"inLanguage\":\"fr-FR\",\"@id\":\"https:\/\/www.fattoriadeipiani.it\/fr\/#primaryimage\",\"url\":\"https:\/\/www.fattoriadeipiani.it\/wp-content\/uploads\/2024\/04\/h_guesthouse.jpg\",\"contentUrl\":\"https:\/\/www.fattoriadeipiani.it\/wp-content\/uploads\/2024\/04\/h_guesthouse.jpg\"},{\"@type\":\"BreadcrumbList\",\"@id\":\"https:\/\/www.fattoriadeipiani.it\/fr\/#breadcrumb\",\"itemListElement\":[{\"@type\":\"ListItem\",\"position\":1,\"name\":\"Home\",\"item\":\"https:\/\/www.fattoriadeipiani.it\/fr\/\"},{\"@type\":\"ListItem\",\"position\":2,\"name\":\"Home\"}]},{\"@type\":\"WebSite\",\"@id\":\"https:\/\/www.fattoriadeipiani.it\/#website\",\"url\":\"https:\/\/www.fattoriadeipiani.it\/\",\"name\":\"Fattoria Dei Piani\",\"description\":\"\",\"potentialAction\":[{\"@type\":\"SearchAction\",\"target\":{\"@type\":\"EntryPoint\",\"urlTemplate\":\"https:\/\/www.fattoriadeipiani.it\/?s={search_term_string}\"},\"query-input\":\"required name=search_term_string\"}],\"inLanguage\":\"fr-FR\"}]}<\/script>\n<!-- \/ Yoast SEO plugin. -->","yoast_head_json":{"title":"La tua vacanza da sogno a 15 minuti dalle spiagge di Alghero.","description":"Immersa nella vegetazione di campagna, la nostra piccola oasi di serenit\u00e0 in Sardegna \u00e8 un rifugio tranquillo vicino al mare cristallino.","robots":{"index":"index","follow":"follow","max-snippet":"max-snippet:-1","max-image-preview":"max-image-preview:large","max-video-preview":"max-video-preview:-1"},"canonical":"https:\/\/www.fattoriadeipiani.it\/fr\/","og_locale":"fr_FR","og_type":"article","og_title":"La tua vacanza da sogno a 15 minuti dalle spiagge di Alghero.","og_description":"Immersa nella vegetazione di campagna, la nostra piccola oasi di serenit\u00e0 in Sardegna \u00e8 un rifugio tranquillo vicino al mare cristallino.","og_url":"https:\/\/www.fattoriadeipiani.it\/fr\/","og_site_name":"Fattoria Dei Piani","article_modified_time":"2024-12-02T17:15:37+00:00","og_image":[{"url":"https:\/\/www.fattoriadeipiani.it\/wp-content\/uploads\/2024\/04\/h_guesthouse.jpg"}],"twitter_card":"summary_large_image","twitter_misc":{"Dur\u00e9e de lecture estim\u00e9e":"4 minutes"},"schema":{"@context":"https:\/\/schema.org","@graph":[{"@type":"WebPage","@id":"https:\/\/www.fattoriadeipiani.it\/fr\/","url":"https:\/\/www.fattoriadeipiani.it\/fr\/","name":"La tua vacanza da sogno a 15 minuti dalle spiagge di Alghero.","isPartOf":{"@id":"https:\/\/www.fattoriadeipiani.it\/#website"},"primaryImageOfPage":{"@id":"https:\/\/www.fattoriadeipiani.it\/fr\/#primaryimage"},"image":{"@id":"https:\/\/www.fattoriadeipiani.it\/fr\/#primaryimage"},"thumbnailUrl":"https:\/\/www.fattoriadeipiani.it\/wp-content\/uploads\/2024\/04\/h_guesthouse.jpg","datePublished":"2024-04-03T15:39:14+00:00","dateModified":"2024-12-02T17:15:37+00:00","description":"Immersa nella vegetazione di campagna, la nostra piccola oasi di serenit\u00e0 in Sardegna \u00e8 un rifugio tranquillo vicino al mare cristallino.","breadcrumb":{"@id":"https:\/\/www.fattoriadeipiani.it\/fr\/#breadcrumb"},"inLanguage":"fr-FR","potentialAction":[{"@type":"ReadAction","target":["https:\/\/www.fattoriadeipiani.it\/fr\/"]}]},{"@type":"ImageObject","inLanguage":"fr-FR","@id":"https:\/\/www.fattoriadeipiani.it\/fr\/#primaryimage","url":"https:\/\/www.fattoriadeipiani.it\/wp-content\/uploads\/2024\/04\/h_guesthouse.jpg","contentUrl":"https:\/\/www.fattoriadeipiani.it\/wp-content\/uploads\/2024\/04\/h_guesthouse.jpg"},{"@type":"BreadcrumbList","@id":"https:\/\/www.fattoriadeipiani.it\/fr\/#breadcrumb","itemListElement":[{"@type":"ListItem","position":1,"name":"Home","item":"https:\/\/www.fattoriadeipiani.it\/fr\/"},{"@type":"ListItem","position":2,"name":"Home"}]},{"@type":"WebSite","@id":"https:\/\/www.fattoriadeipiani.it\/#website","url":"https:\/\/www.fattoriadeipiani.it\/","name":"Fattoria Dei Piani","description":"","potentialAction":[{"@type":"SearchAction","target":{"@type":"EntryPoint","urlTemplate":"https:\/\/www.fattoriadeipiani.it\/?s={search_term_string}"},"query-input":"required name=search_term_string"}],"inLanguage":"fr-FR"}]}},"_links":{"self":[{"href":"https:\/\/www.fattoriadeipiani.it\/fr\/wp-json\/wp\/v2\/pages\/1858","targetHints":{"allow":["GET"]}}],"collection":[{"href":"https:\/\/www.fattoriadeipiani.it\/fr\/wp-json\/wp\/v2\/pages"}],"about":[{"href":"https:\/\/www.fattoriadeipiani.it\/fr\/wp-json\/wp\/v2\/types\/page"}],"author":[{"embeddable":true,"href":"https:\/\/www.fattoriadeipiani.it\/fr\/wp-json\/wp\/v2\/users\/1"}],"replies":[{"embeddable":true,"href":"https:\/\/www.fattoriadeipiani.it\/fr\/wp-json\/wp\/v2\/comments?post=1858"}],"version-history":[{"count":6,"href":"https:\/\/www.fattoriadeipiani.it\/fr\/wp-json\/wp\/v2\/pages\/1858\/revisions"}],"predecessor-version":[{"id":1869,"href":"https:\/\/www.fattoriadeipiani.it\/fr\/wp-json\/wp\/v2\/pages\/1858\/revisions\/1869"}],"wp:attachment":[{"href":"https:\/\/www.fattoriadeipiani.it\/fr\/wp-json\/wp\/v2\/media?parent=1858"}],"curies":[{"name":"wp","href":"https:\/\/api.w.org\/{rel}","templated":true}]}}