{"id":1998,"date":"2024-04-02T19:50:09","date_gmt":"2024-04-02T17:50:09","guid":{"rendered":"https:\/\/www.fattoriadeipiani.it\/dove-siamo\/"},"modified":"2024-12-06T16:57:48","modified_gmt":"2024-12-06T15:57:48","slug":"donde-estamos","status":"publish","type":"page","link":"https:\/\/www.fattoriadeipiani.it\/es\/donde-estamos\/","title":{"rendered":"D\u00f3nde Estamos"},"content":{"rendered":"\t\t<div data-elementor-type=\"wp-page\" data-elementor-id=\"1998\" class=\"elementor elementor-1998 elementor-304\" data-elementor-post-type=\"page\">\n\t\t\t\t<div class=\"elementor-element elementor-element-2f44060 e-flex e-con-boxed e-con e-parent\" data-id=\"2f44060\" data-element_type=\"container\">\n\t\t\t\t\t<div class=\"e-con-inner\">\n\t\t\t\t<div class=\"elementor-element elementor-element-d4ab435 elementor--h-position-center elementor--v-position-middle elementor-arrows-position-inside elementor-widget elementor-widget-slides\" data-id=\"d4ab435\" data-element_type=\"widget\" data-settings=\"{&quot;navigation&quot;:&quot;arrows&quot;,&quot;autoplay&quot;:&quot;yes&quot;,&quot;pause_on_hover&quot;:&quot;yes&quot;,&quot;pause_on_interaction&quot;:&quot;yes&quot;,&quot;autoplay_speed&quot;:5000,&quot;infinite&quot;:&quot;yes&quot;,&quot;transition&quot;:&quot;slide&quot;,&quot;transition_speed&quot;:500}\" data-widget_type=\"slides.default\">\n\t\t\t\t<div class=\"elementor-widget-container\">\n\t\t\t<style>\/*! elementor-pro - v3.21.0 - 15-04-2024 *\/\n.elementor-slides .swiper-slide-bg{background-size:cover;background-position:50%;background-repeat:no-repeat;min-width:100%;min-height:100%}.elementor-slides .swiper-slide-inner{background-repeat:no-repeat;background-position:50%;position:absolute;top:0;left:0;bottom:0;right:0;padding:50px;margin:auto}.elementor-slides .swiper-slide-inner,.elementor-slides .swiper-slide-inner:hover{color:#fff;display:flex}.elementor-slides .swiper-slide-inner .elementor-background-overlay{position:absolute;z-index:0;top:0;bottom:0;left:0;right:0}.elementor-slides .swiper-slide-inner .elementor-slide-content{position:relative;z-index:1;width:100%}.elementor-slides .swiper-slide-inner .elementor-slide-heading{font-size:35px;font-weight:700;line-height:1}.elementor-slides .swiper-slide-inner .elementor-slide-description{font-size:17px;line-height:1.4}.elementor-slides .swiper-slide-inner .elementor-slide-description:not(:last-child),.elementor-slides .swiper-slide-inner .elementor-slide-heading:not(:last-child){margin-bottom:30px}.elementor-slides .swiper-slide-inner .elementor-slide-button{border:2px solid #fff;color:#fff;background:transparent;display:inline-block}.elementor-slides .swiper-slide-inner .elementor-slide-button,.elementor-slides .swiper-slide-inner .elementor-slide-button:hover{background:transparent;color:inherit;text-decoration:none}.elementor--v-position-top .swiper-slide-inner{align-items:flex-start}.elementor--v-position-bottom .swiper-slide-inner{align-items:flex-end}.elementor--v-position-middle .swiper-slide-inner{align-items:center}.elementor--h-position-left .swiper-slide-inner{justify-content:flex-start}.elementor--h-position-right .swiper-slide-inner{justify-content:flex-end}.elementor--h-position-center .swiper-slide-inner{justify-content:center}body.rtl .elementor-widget-slides .elementor-swiper-button-next{left:10px;right:auto}body.rtl .elementor-widget-slides .elementor-swiper-button-prev{right:10px;left:auto}.elementor-slides-wrapper div:not(.swiper-slide)>.swiper-slide-inner{display:none}@media (max-width:767px){.elementor-slides .swiper-slide-inner{padding:30px}.elementor-slides .swiper-slide-inner .elementor-slide-heading{font-size:23px;line-height:1;margin-bottom:15px}.elementor-slides .swiper-slide-inner .elementor-slide-description{font-size:13px;line-height:1.4;margin-bottom:15px}}<\/style>\t\t<div class=\"elementor-swiper\">\n\t\t\t<div class=\"elementor-slides-wrapper elementor-main-swiper swiper\" dir=\"ltr\" data-animation=\"fadeInUp\">\n\t\t\t\t<div class=\"swiper-wrapper elementor-slides\">\n\t\t\t\t\t\t\t\t\t\t<div class=\"elementor-repeater-item-458ecdd swiper-slide\"><div class=\"swiper-slide-bg\" role=\"img\"><\/div><div class=\"swiper-slide-inner\" ><div class=\"swiper-slide-contents\"><\/div><\/div><\/div><div class=\"elementor-repeater-item-887a62d swiper-slide\"><div class=\"swiper-slide-bg\" role=\"img\"><\/div><div class=\"swiper-slide-inner\" ><div class=\"swiper-slide-contents\"><\/div><\/div><\/div><div class=\"elementor-repeater-item-3973604 swiper-slide\"><div class=\"swiper-slide-bg\" role=\"img\"><\/div><div class=\"swiper-slide-inner\" ><div class=\"swiper-slide-contents\"><\/div><\/div><\/div><div class=\"elementor-repeater-item-ae787c3 swiper-slide\"><div class=\"swiper-slide-bg\" role=\"img\"><\/div><div class=\"swiper-slide-inner\" ><div class=\"swiper-slide-contents\"><\/div><\/div><\/div><div class=\"elementor-repeater-item-de94078 swiper-slide\"><div class=\"swiper-slide-bg\" role=\"img\"><\/div><div class=\"swiper-slide-inner\" ><div class=\"swiper-slide-contents\"><\/div><\/div><\/div>\t\t\t\t<\/div>\n\t\t\t\t\t\t\t\t\t\t\t\t\t\t\t\t\t\t\t\t<div class=\"elementor-swiper-button elementor-swiper-button-prev\" role=\"button\" tabindex=\"0\">\n\t\t\t\t\t\t\t<svg aria-hidden=\"true\" class=\"e-font-icon-svg e-eicon-chevron-left\" viewBox=\"0 0 1000 1000\" xmlns=\"http:\/\/www.w3.org\/2000\/svg\"><path d=\"M646 125C629 125 613 133 604 142L308 442C296 454 292 471 292 487 292 504 296 521 308 533L604 854C617 867 629 875 646 875 663 875 679 871 692 858 704 846 713 829 713 812 713 796 708 779 692 767L438 487 692 225C700 217 708 204 708 187 708 171 704 154 692 142 675 129 663 125 646 125Z\"><\/path><\/svg>\t\t\t\t\t\t\t<span class=\"elementor-screen-only\">Diapositiva anterior<\/span>\n\t\t\t\t\t\t<\/div>\n\t\t\t\t\t\t<div class=\"elementor-swiper-button elementor-swiper-button-next\" role=\"button\" tabindex=\"0\">\n\t\t\t\t\t\t\t<svg aria-hidden=\"true\" class=\"e-font-icon-svg e-eicon-chevron-right\" viewBox=\"0 0 1000 1000\" xmlns=\"http:\/\/www.w3.org\/2000\/svg\"><path d=\"M696 533C708 521 713 504 713 487 713 471 708 454 696 446L400 146C388 133 375 125 354 125 338 125 325 129 313 142 300 154 292 171 292 187 292 204 296 221 308 233L563 492 304 771C292 783 288 800 288 817 288 833 296 850 308 863 321 871 338 875 354 875 371 875 388 867 400 854L696 533Z\"><\/path><\/svg>\t\t\t\t\t\t\t<span class=\"elementor-screen-only\">Diapositiva siguiente<\/span>\n\t\t\t\t\t\t<\/div>\n\t\t\t\t\t\t\t\t\t\t\t\t<\/div>\n\t\t<\/div>\n\t\t\t\t<\/div>\n\t\t\t\t<\/div>\n\t\t\t\t\t<\/div>\n\t\t\t\t<\/div>\n\t\t<div class=\"elementor-element elementor-element-e59b5a8 e-flex e-con-boxed e-con e-parent\" data-id=\"e59b5a8\" data-element_type=\"container\" data-settings=\"{&quot;background_background&quot;:&quot;classic&quot;,&quot;shape_divider_bottom_negative&quot;:&quot;yes&quot;,&quot;shape_divider_top&quot;:&quot;curve&quot;,&quot;shape_divider_bottom&quot;:&quot;curve&quot;}\">\n\t\t\t\t\t<div class=\"e-con-inner\">\n\t\t\t\t<div class=\"elementor-shape elementor-shape-top\" data-negative=\"false\">\n\t\t\t<svg xmlns=\"http:\/\/www.w3.org\/2000\/svg\" viewBox=\"0 0 1000 100\" preserveAspectRatio=\"none\">\n    <path class=\"elementor-shape-fill\" d=\"M1000,4.3V0H0v4.3C0.9,23.1,126.7,99.2,500,100S1000,22.7,1000,4.3z\"\/>\n<\/svg>\t\t<\/div>\n\t\t\t\t<div class=\"elementor-shape elementor-shape-bottom\" data-negative=\"true\">\n\t\t\t<svg xmlns=\"http:\/\/www.w3.org\/2000\/svg\" viewBox=\"0 0 1000 100\" preserveAspectRatio=\"none\">\n\t<path class=\"elementor-shape-fill\" d=\"M500,97C126.7,96.3,0.8,19.8,0,0v100l1000,0V1C1000,19.4,873.3,97.8,500,97z\"\/>\n<\/svg>\t\t<\/div>\n\t\t<div class=\"elementor-element elementor-element-dbf7f1a e-flex e-con-boxed e-con e-child\" data-id=\"dbf7f1a\" data-element_type=\"container\">\n\t\t\t\t\t<div class=\"e-con-inner\">\n\t\t\t\t<div class=\"elementor-element elementor-element-b65c906 elementor-widget elementor-widget-heading\" data-id=\"b65c906\" data-element_type=\"widget\" data-widget_type=\"heading.default\">\n\t\t\t\t<div class=\"elementor-widget-container\">\n\t\t\t<style>\/*! elementor - v3.21.0 - 26-05-2024 *\/\n.elementor-heading-title{padding:0;margin:0;line-height:1}.elementor-widget-heading .elementor-heading-title[class*=elementor-size-]>a{color:inherit;font-size:inherit;line-height:inherit}.elementor-widget-heading .elementor-heading-title.elementor-size-small{font-size:15px}.elementor-widget-heading .elementor-heading-title.elementor-size-medium{font-size:19px}.elementor-widget-heading .elementor-heading-title.elementor-size-large{font-size:29px}.elementor-widget-heading .elementor-heading-title.elementor-size-xl{font-size:39px}.elementor-widget-heading .elementor-heading-title.elementor-size-xxl{font-size:59px}<\/style><h2 class=\"elementor-heading-title elementor-size-default\">D\u00f3nde Estamos<\/h2>\t\t<\/div>\n\t\t\t\t<\/div>\n\t\t\t\t\t<\/div>\n\t\t\t\t<\/div>\n\t\t<div class=\"elementor-element elementor-element-b2516d7 e-flex e-con-boxed e-con e-child\" data-id=\"b2516d7\" data-element_type=\"container\">\n\t\t\t\t\t<div class=\"e-con-inner\">\n\t\t<div class=\"elementor-element elementor-element-32dbcca e-con-full e-flex e-con e-child\" data-id=\"32dbcca\" data-element_type=\"container\">\n\t\t\t\t<div class=\"elementor-element elementor-element-e23c290 elementor-widget elementor-widget-text-editor\" data-id=\"e23c290\" data-element_type=\"widget\" data-widget_type=\"text-editor.default\">\n\t\t\t\t<div class=\"elementor-widget-container\">\n\t\t\t<style>\/*! elementor - v3.21.0 - 26-05-2024 *\/\n.elementor-widget-text-editor.elementor-drop-cap-view-stacked .elementor-drop-cap{background-color:#69727d;color:#fff}.elementor-widget-text-editor.elementor-drop-cap-view-framed .elementor-drop-cap{color:#69727d;border:3px solid;background-color:transparent}.elementor-widget-text-editor:not(.elementor-drop-cap-view-default) .elementor-drop-cap{margin-top:8px}.elementor-widget-text-editor:not(.elementor-drop-cap-view-default) .elementor-drop-cap-letter{width:1em;height:1em}.elementor-widget-text-editor .elementor-drop-cap{float:left;text-align:center;line-height:1;font-size:50px}.elementor-widget-text-editor .elementor-drop-cap-letter{display:inline-block}<\/style>\t\t\t\t<p>\u00abLa Fattoria dei Piani\u00bb est\u00e1 enclavada en la exuberante vegetaci\u00f3n del campo, cerca de las hist\u00f3ricas fincas de Sella y Mosca, en Alguer. Nuestro peque\u00f1o oasis de serenidad en Cerde\u00f1a te ofrece un refugio tranquilo a pocos kil\u00f3metros de un mar cristalino, famoso por algunas de las playas m\u00e1s bonitas de la isla, como la <strong>playa de Maria Pia<\/strong> y la <strong>playa de San Giovanni.<\/strong><\/p><p>Nuestra estructura, compuesta por dos casas y dos villas, es el refugio ideal para quienes buscan unas vacaciones que les aporten relax e intimidad, sin renunciar a la posibilidad de explorar las maravillas de esta fascinante ciudad. La casa de hu\u00e9spedes dispone de todas las comodidades, est\u00e1 dise\u00f1ada para ofrecerte una estancia exclusiva y privada, en la que se han cuidado todos los detalles para garantizar una experiencia inolvidable.<\/p><p>Se trata de un punto de partida ideal para explorar la costa de la <strong>Riviera del Corallo<\/strong>, el <strong>parque de Porto Conte<\/strong> y las incre\u00edbles <strong>Grotte de Neptuno<\/strong> con la <strong>escalera del Cabirol<\/strong>. Tampoco hay que perderse los sugerentes paseos por las murallas del centro hist\u00f3rico de Alguer, sobre todo al atardecer, cuando el aire de las callejuelas de piedra se llena de los aromas de nuestra exquisita cocina tradicional.<\/p><p><strong>\u00a1Ven a visitarnos! Te esperamos en Alguer para hacer que tus vacaciones de ensue\u00f1o en Cerde\u00f1a se conviertan en una experiencia inolvidable para llevar siempre en el coraz\u00f3n.<\/strong><\/p>\t\t\t\t\t\t<\/div>\n\t\t\t\t<\/div>\n\t\t\t\t<\/div>\n\t\t<div class=\"elementor-element elementor-element-5249a3a e-con-full e-flex e-con e-child\" data-id=\"5249a3a\" data-element_type=\"container\">\n\t\t\t\t<div class=\"elementor-element elementor-element-27d8928 elementor-widget elementor-widget-google_maps\" data-id=\"27d8928\" data-element_type=\"widget\" data-widget_type=\"google_maps.default\">\n\t\t\t\t<div class=\"elementor-widget-container\">\n\t\t\t<style>\/*! elementor - v3.21.0 - 26-05-2024 *\/\n.elementor-widget-google_maps .elementor-widget-container{overflow:hidden}.elementor-widget-google_maps .elementor-custom-embed{line-height:0}.elementor-widget-google_maps iframe{height:300px}<\/style>\t\t<div class=\"elementor-custom-embed\">\n\t\t\t<iframe loading=\"lazy\"\n\t\t\t\t\tsrc=\"https:\/\/maps.google.com\/maps?q=40.64449557175995%2C%208.346982052136598&#038;t=m&#038;z=11&#038;output=embed&#038;iwloc=near\"\n\t\t\t\t\ttitle=\"40.64449557175995, 8.346982052136598\"\n\t\t\t\t\taria-label=\"40.64449557175995, 8.346982052136598\"\n\t\t\t><\/iframe>\n\t\t<\/div>\n\t\t\t\t<\/div>\n\t\t\t\t<\/div>\n\t\t\t\t<\/div>\n\t\t\t\t\t<\/div>\n\t\t\t\t<\/div>\n\t\t\t\t\t<\/div>\n\t\t\t\t<\/div>\n\t\t\t\t<\/div>\n\t\t","protected":false},"excerpt":{"rendered":"<p>Previous slide Next slide D\u00f3nde Estamos \u00abLa Fattoria dei Piani\u00bb est\u00e1 enclavada en la exuberante vegetaci\u00f3n del campo, cerca de las hist\u00f3ricas fincas de Sella y Mosca, en Alguer. Nuestro peque\u00f1o oasis de serenidad en Cerde\u00f1a te ofrece un refugio tranquilo a pocos kil\u00f3metros de un mar cristalino, famoso por algunas de las playas m\u00e1s [&hellip;]<\/p>\n","protected":false},"author":1,"featured_media":0,"parent":0,"menu_order":0,"comment_status":"closed","ping_status":"closed","template":"elementor_header_footer","meta":{"footnotes":""},"class_list":["post-1998","page","type-page","status-publish","hentry"],"yoast_head":"<!-- This site is optimized with the Yoast SEO plugin v22.8 - https:\/\/yoast.com\/wordpress\/plugins\/seo\/ -->\n<title>Siamo ad Alghero, a 2 passi dal bel mare della Riviera del Corallo.<\/title>\n<meta name=\"description\" content=\"La nostra struttura \u00e8 immersa nella rigogliosa vegetazione di campagna, nei pressi delle tenute di Sella e Mosca ad Alghero.\" \/>\n<meta name=\"robots\" content=\"index, follow, max-snippet:-1, max-image-preview:large, max-video-preview:-1\" \/>\n<link rel=\"canonical\" href=\"https:\/\/www.fattoriadeipiani.it\/es\/donde-estamos\/\" \/>\n<meta property=\"og:locale\" content=\"es_ES\" \/>\n<meta property=\"og:type\" content=\"article\" \/>\n<meta property=\"og:title\" content=\"Siamo ad Alghero, a 2 passi dal bel mare della Riviera del Corallo.\" \/>\n<meta property=\"og:description\" content=\"La nostra struttura \u00e8 immersa nella rigogliosa vegetazione di campagna, nei pressi delle tenute di Sella e Mosca ad Alghero.\" \/>\n<meta property=\"og:url\" content=\"https:\/\/www.fattoriadeipiani.it\/es\/donde-estamos\/\" \/>\n<meta property=\"og:site_name\" content=\"Fattoria Dei Piani\" \/>\n<meta property=\"article:modified_time\" content=\"2024-12-06T15:57:48+00:00\" \/>\n<meta name=\"twitter:card\" content=\"summary_large_image\" \/>\n<meta name=\"twitter:label1\" content=\"Tiempo de lectura\" \/>\n\t<meta name=\"twitter:data1\" content=\"2 minutos\" \/>\n<script type=\"application\/ld+json\" class=\"yoast-schema-graph\">{\"@context\":\"https:\/\/schema.org\",\"@graph\":[{\"@type\":\"WebPage\",\"@id\":\"https:\/\/www.fattoriadeipiani.it\/es\/donde-estamos\/\",\"url\":\"https:\/\/www.fattoriadeipiani.it\/es\/donde-estamos\/\",\"name\":\"Siamo ad Alghero, a 2 passi dal bel mare della Riviera del Corallo.\",\"isPartOf\":{\"@id\":\"https:\/\/www.fattoriadeipiani.it\/#website\"},\"datePublished\":\"2024-04-02T17:50:09+00:00\",\"dateModified\":\"2024-12-06T15:57:48+00:00\",\"description\":\"La nostra struttura \u00e8 immersa nella rigogliosa vegetazione di campagna, nei pressi delle tenute di Sella e Mosca ad Alghero.\",\"breadcrumb\":{\"@id\":\"https:\/\/www.fattoriadeipiani.it\/es\/donde-estamos\/#breadcrumb\"},\"inLanguage\":\"es\",\"potentialAction\":[{\"@type\":\"ReadAction\",\"target\":[\"https:\/\/www.fattoriadeipiani.it\/es\/donde-estamos\/\"]}]},{\"@type\":\"BreadcrumbList\",\"@id\":\"https:\/\/www.fattoriadeipiani.it\/es\/donde-estamos\/#breadcrumb\",\"itemListElement\":[{\"@type\":\"ListItem\",\"position\":1,\"name\":\"Home\",\"item\":\"https:\/\/www.fattoriadeipiani.it\/es\/\"},{\"@type\":\"ListItem\",\"position\":2,\"name\":\"D\u00f3nde Estamos\"}]},{\"@type\":\"WebSite\",\"@id\":\"https:\/\/www.fattoriadeipiani.it\/#website\",\"url\":\"https:\/\/www.fattoriadeipiani.it\/\",\"name\":\"Fattoria Dei Piani\",\"description\":\"\",\"potentialAction\":[{\"@type\":\"SearchAction\",\"target\":{\"@type\":\"EntryPoint\",\"urlTemplate\":\"https:\/\/www.fattoriadeipiani.it\/?s={search_term_string}\"},\"query-input\":\"required name=search_term_string\"}],\"inLanguage\":\"es\"}]}<\/script>\n<!-- \/ Yoast SEO plugin. -->","yoast_head_json":{"title":"Siamo ad Alghero, a 2 passi dal bel mare della Riviera del Corallo.","description":"La nostra struttura \u00e8 immersa nella rigogliosa vegetazione di campagna, nei pressi delle tenute di Sella e Mosca ad Alghero.","robots":{"index":"index","follow":"follow","max-snippet":"max-snippet:-1","max-image-preview":"max-image-preview:large","max-video-preview":"max-video-preview:-1"},"canonical":"https:\/\/www.fattoriadeipiani.it\/es\/donde-estamos\/","og_locale":"es_ES","og_type":"article","og_title":"Siamo ad Alghero, a 2 passi dal bel mare della Riviera del Corallo.","og_description":"La nostra struttura \u00e8 immersa nella rigogliosa vegetazione di campagna, nei pressi delle tenute di Sella e Mosca ad Alghero.","og_url":"https:\/\/www.fattoriadeipiani.it\/es\/donde-estamos\/","og_site_name":"Fattoria Dei Piani","article_modified_time":"2024-12-06T15:57:48+00:00","twitter_card":"summary_large_image","twitter_misc":{"Tiempo de lectura":"2 minutos"},"schema":{"@context":"https:\/\/schema.org","@graph":[{"@type":"WebPage","@id":"https:\/\/www.fattoriadeipiani.it\/es\/donde-estamos\/","url":"https:\/\/www.fattoriadeipiani.it\/es\/donde-estamos\/","name":"Siamo ad Alghero, a 2 passi dal bel mare della Riviera del Corallo.","isPartOf":{"@id":"https:\/\/www.fattoriadeipiani.it\/#website"},"datePublished":"2024-04-02T17:50:09+00:00","dateModified":"2024-12-06T15:57:48+00:00","description":"La nostra struttura \u00e8 immersa nella rigogliosa vegetazione di campagna, nei pressi delle tenute di Sella e Mosca ad Alghero.","breadcrumb":{"@id":"https:\/\/www.fattoriadeipiani.it\/es\/donde-estamos\/#breadcrumb"},"inLanguage":"es","potentialAction":[{"@type":"ReadAction","target":["https:\/\/www.fattoriadeipiani.it\/es\/donde-estamos\/"]}]},{"@type":"BreadcrumbList","@id":"https:\/\/www.fattoriadeipiani.it\/es\/donde-estamos\/#breadcrumb","itemListElement":[{"@type":"ListItem","position":1,"name":"Home","item":"https:\/\/www.fattoriadeipiani.it\/es\/"},{"@type":"ListItem","position":2,"name":"D\u00f3nde Estamos"}]},{"@type":"WebSite","@id":"https:\/\/www.fattoriadeipiani.it\/#website","url":"https:\/\/www.fattoriadeipiani.it\/","name":"Fattoria Dei Piani","description":"","potentialAction":[{"@type":"SearchAction","target":{"@type":"EntryPoint","urlTemplate":"https:\/\/www.fattoriadeipiani.it\/?s={search_term_string}"},"query-input":"required name=search_term_string"}],"inLanguage":"es"}]}},"_links":{"self":[{"href":"https:\/\/www.fattoriadeipiani.it\/es\/wp-json\/wp\/v2\/pages\/1998","targetHints":{"allow":["GET"]}}],"collection":[{"href":"https:\/\/www.fattoriadeipiani.it\/es\/wp-json\/wp\/v2\/pages"}],"about":[{"href":"https:\/\/www.fattoriadeipiani.it\/es\/wp-json\/wp\/v2\/types\/page"}],"author":[{"embeddable":true,"href":"https:\/\/www.fattoriadeipiani.it\/es\/wp-json\/wp\/v2\/users\/1"}],"replies":[{"embeddable":true,"href":"https:\/\/www.fattoriadeipiani.it\/es\/wp-json\/wp\/v2\/comments?post=1998"}],"version-history":[{"count":4,"href":"https:\/\/www.fattoriadeipiani.it\/es\/wp-json\/wp\/v2\/pages\/1998\/revisions"}],"predecessor-version":[{"id":2002,"href":"https:\/\/www.fattoriadeipiani.it\/es\/wp-json\/wp\/v2\/pages\/1998\/revisions\/2002"}],"wp:attachment":[{"href":"https:\/\/www.fattoriadeipiani.it\/es\/wp-json\/wp\/v2\/media?parent=1998"}],"curies":[{"name":"wp","href":"https:\/\/api.w.org\/{rel}","templated":true}]}}